{"id":4596,"date":"2014-12-22T17:50:09","date_gmt":"2014-12-22T16:50:09","guid":{"rendered":"https:\/\/undsgn.com\/uncode\/?page_id=4596"},"modified":"2021-01-30T16:36:40","modified_gmt":"2021-01-30T16:36:40","slug":"dis-kaynak-ihracat","status":"publish","type":"page","link":"https:\/\/www.intelcon.com.tr\/index.php\/pages\/dis-kaynak-ihracat\/","title":{"rendered":"D\u0131\u015f Kaynak \u0130hracat"},"content":{"rendered":"<p>[vc_row unlock_row_content=&#8221;yes&#8221; row_height_percent=&#8221;0&#8243; override_padding=&#8221;yes&#8221; h_padding=&#8221;0&#8243; top_padding=&#8221;0&#8243; bottom_padding=&#8221;0&#8243; back_color=&#8221;color-xsdn&#8221; overlay_alpha=&#8221;50&#8243; equal_height=&#8221;yes&#8221; gutter_size=&#8221;0&#8243; column_width_percent=&#8221;100&#8243; shift_y=&#8221;0&#8243; z_index=&#8221;0&#8243;][vc_column column_width_percent=&#8221;100&#8243; gutter_size=&#8221;0&#8243; override_padding=&#8221;yes&#8221; column_padding=&#8221;0&#8243; overlay_alpha=&#8221;50&#8243; shift_x=&#8221;0&#8243; shift_y=&#8221;0&#8243; shift_y_down=&#8221;0&#8243; z_index=&#8221;0&#8243; medium_width=&#8221;0&#8243; mobile_width=&#8221;0&#8243; width=&#8221;1\/2&#8243;][vc_row_inner limit_content=&#8221;&#8221;][vc_column_inner column_width_percent=&#8221;100&#8243; gutter_size=&#8221;3&#8243; override_padding=&#8221;yes&#8221; column_padding=&#8221;3&#8243; overlay_alpha=&#8221;50&#8243; shift_x=&#8221;0&#8243; shift_y=&#8221;0&#8243; shift_y_down=&#8221;0&#8243; z_index=&#8221;0&#8243; medium_width=&#8221;0&#8243; mobile_width=&#8221;0&#8243; width=&#8221;1\/1&#8243;][vc_empty_space empty_h=&#8221;3&#8243;][vc_custom_heading]D\u0131\u015f Pazar Planlama ve Sat\u0131\u015f Destek[\/vc_custom_heading][vc_column_text]\u0130\u015f ortaklar\u0131m\u0131za \u00fcr\u00fcnlerini d\u00fcnya pazar\u0131nda, do\u011fru kanallara da\u011f\u0131lmas\u0131 i\u00e7in gerekli pazar istihbarat ara\u015ft\u0131rmas\u0131 s\u00fcrecinde destek oluyoruz. Belirlenen hedef pazarlarda K\u0131sa &#8211; Orta &#8211; Uzun vade planlama sonras\u0131nda, bu \u00fclkelerdeki mevzuatlar ve bilgi-belge y\u00f6netimi s\u00fcre\u00e7lerinde istihbarat sunuyoruz.[\/vc_column_text][vc_empty_space empty_h=&#8221;3&#8243;][\/vc_column_inner][\/vc_row_inner][\/vc_column][vc_column column_width_percent=&#8221;100&#8243; gutter_size=&#8221;3&#8243; back_image=&#8221;83546&#8243; overlay_alpha=&#8221;60&#8243; shift_x=&#8221;0&#8243; shift_y=&#8221;0&#8243; shift_y_down=&#8221;0&#8243; z_index=&#8221;0&#8243; medium_visibility=&#8221;yes&#8221; medium_width=&#8221;0&#8243; mobile_visibility=&#8221;yes&#8221; mobile_width=&#8221;0&#8243; width=&#8221;1\/2&#8243; mobile_height=&#8221;300&#8243;][\/vc_column][\/vc_row][vc_row row_height_percent=&#8221;0&#8243; override_padding=&#8221;yes&#8221; h_padding=&#8221;2&#8243; top_padding=&#8221;3&#8243; bottom_padding=&#8221;3&#8243; back_color=&#8221;color-gyho&#8221; overlay_alpha=&#8221;50&#8243; gutter_size=&#8221;3&#8243; column_width_percent=&#8221;100&#8243; shift_y=&#8221;0&#8243; z_index=&#8221;0&#8243; row_name=&#8221;Highlights&#8221;][vc_column width=&#8221;1\/4&#8243;][vc_icon position=&#8221;left&#8221; icon=&#8221;fa fa-search&#8221; size=&#8221;fa-3x&#8221; align=&#8221;left&#8221; title=&#8221;PAZAR ARA\u015eTIRMA&#8221;]Ger\u00e7ek deneyimlere dayanarak haz\u0131rlanan demografik, finansal ve rakip markalar\u0131n verileri arac\u0131l\u0131\u011f\u0131yla hedef pazarlar\u0131n\u0131z\u0131 belirliyoruz. K\u0131sa &#8211; Orta &#8211; Uzun vadelerin her biri i\u00e7in \u00f6zel olarak \u015firketinizin uluslararas\u0131 pazarlarda yol haritas\u0131n\u0131 haz\u0131rl\u0131yoruz.[\/vc_icon][\/vc_column][vc_column width=&#8221;1\/4&#8243;][vc_icon position=&#8221;left&#8221; icon=&#8221;fa fa-chain&#8221; size=&#8221;fa-3x&#8221; align=&#8221;left&#8221; title=&#8221;TEDAR\u0130K Z\u0130NC\u0130R\u0130 Y\u00d6NET\u0130M\u0130&#8221;]\u0130\u015f ortaklar\u0131m\u0131za, do\u011fru \u00fcr\u00fcn\u00fcn, do\u011fru zamanda, do\u011fru yere, en y\u00fcksek d\u00fc\u015f\u00fck maliyetle ula\u015fmas\u0131 i\u00e7in gerekli lojistik planlamay\u0131 yap\u0131yoruz. \u00d6deme ve teslimat ko\u015fullar\u0131n\u0131n s\u00fcre\u00e7lerini size en sa\u011fl\u0131kl\u0131 \u015fekilde rapor ediyoruz.[\/vc_icon][\/vc_column][vc_column width=&#8221;1\/4&#8243;][vc_icon position=&#8221;left&#8221; icon=&#8221;fa fa-sitemap&#8221; size=&#8221;fa-3x&#8221; align=&#8221;left&#8221; title=&#8221;BAY\u0130 A\u011eI&#8221;]Hedef pazar da\u011f\u0131t\u0131m a\u011flar\u0131n\u0131n \u00e7\u0131kar\u0131lmas\u0131, potansiyel rakiplerlerin analiz edilmesini firman\u0131z i\u00e7in yap\u0131yoruz. M\u00fc\u015fteri verileri ve b\u00f6lge acentalar\u0131 ile \u00fcr\u00fcnlerin pazara girmesi i\u00e7in t\u00fcm s\u00fcre\u00e7lerde size yard\u0131mc\u0131 oluyoruz.[\/vc_icon][\/vc_column][\/vc_row][vc_row unlock_row_content=&#8221;yes&#8221; row_height_percent=&#8221;0&#8243; override_padding=&#8221;yes&#8221; h_padding=&#8221;0&#8243; top_padding=&#8221;0&#8243; bottom_padding=&#8221;0&#8243; overlay_alpha=&#8221;50&#8243; gutter_size=&#8221;0&#8243; column_width_percent=&#8221;100&#8243; shift_y=&#8221;0&#8243; z_index=&#8221;0&#8243; row_height_pixel=&#8221;50&#8243;][vc_column column_width_percent=&#8221;100&#8243; gutter_size=&#8221;0&#8243; override_padding=&#8221;yes&#8221; column_padding=&#8221;0&#8243; back_image=&#8221;83400&#8243; overlay_alpha=&#8221;50&#8243; shift_x=&#8221;0&#8243; shift_y=&#8221;0&#8243; shift_y_down=&#8221;0&#8243; z_index=&#8221;0&#8243; medium_width=&#8221;0&#8243; mobile_width=&#8221;0&#8243; width=&#8221;1\/1&#8243;][vc_empty_space empty_h=&#8221;5&#8243;][vc_empty_space empty_h=&#8221;5&#8243;][vc_empty_space empty_h=&#8221;5&#8243;][\/vc_column][\/vc_row]<\/p>\n","protected":false},"excerpt":{"rendered":"<p>[vc_row unlock_row_content=&#8221;yes&#8221; row_height_percent=&#8221;0&#8243; override_padding=&#8221;yes&#8221; h_padding=&#8221;0&#8243; top_padding=&#8221;0&#8243; bottom_padding=&#8221;0&#8243; back_color=&#8221;color-xsdn&#8221; overlay_alpha=&#8221;50&#8243; equal_height=&#8221;yes&#8221; gutter_size=&#8221;0&#8243; column_width_percent=&#8221;100&#8243; shift_y=&#8221;0&#8243; z_index=&#8221;0&#8243;][vc_column column_width_percent=&#8221;100&#8243; gutter_size=&#8221;0&#8243; override_padding=&#8221;yes&#8221; column_padding=&#8221;0&#8243; overlay_alpha=&#8221;50&#8243; shift_x=&#8221;0&#8243; [&hellip;]<\/p>\n","protected":false},"author":1,"featured_media":0,"parent":36601,"menu_order":0,"comment_status":"closed","ping_status":"closed","template":"","meta":{"_monsterinsights_skip_tracking":false,"_monsterinsights_sitenote_active":false,"_monsterinsights_sitenote_note":"","_monsterinsights_sitenote_category":0,"footnotes":""},"_links":{"self":[{"href":"https:\/\/www.intelcon.com.tr\/index.php\/wp-json\/wp\/v2\/pages\/4596"}],"collection":[{"href":"https:\/\/www.intelcon.com.tr\/index.php\/wp-json\/wp\/v2\/pages"}],"about":[{"href":"https:\/\/www.intelcon.com.tr\/index.php\/wp-json\/wp\/v2\/types\/page"}],"author":[{"embeddable":true,"href":"https:\/\/www.intelcon.com.tr\/index.php\/wp-json\/wp\/v2\/users\/1"}],"replies":[{"embeddable":true,"href":"https:\/\/www.intelcon.com.tr\/index.php\/wp-json\/wp\/v2\/comments?post=4596"}],"version-history":[{"count":38,"href":"https:\/\/www.intelcon.com.tr\/index.php\/wp-json\/wp\/v2\/pages\/4596\/revisions"}],"predecessor-version":[{"id":83822,"href":"https:\/\/www.intelcon.com.tr\/index.php\/wp-json\/wp\/v2\/pages\/4596\/revisions\/83822"}],"up":[{"embeddable":true,"href":"https:\/\/www.intelcon.com.tr\/index.php\/wp-json\/wp\/v2\/pages\/36601"}],"wp:attachment":[{"href":"https:\/\/www.intelcon.com.tr\/index.php\/wp-json\/wp\/v2\/media?parent=4596"}],"curies":[{"name":"wp","href":"https:\/\/api.w.org\/{rel}","templated":true}]}}