{"id":56971,"date":"2017-05-05T11:55:57","date_gmt":"2017-05-05T09:55:57","guid":{"rendered":"https:\/\/undsgn.com\/uncode\/?page_id=56971"},"modified":"2024-02-26T14:41:26","modified_gmt":"2024-02-26T14:41:26","slug":"referanslar","status":"publish","type":"page","link":"https:\/\/www.intelcon.com.tr\/index.php\/pages\/referanslar\/","title":{"rendered":"Referanslar"},"content":{"rendered":"<p>[vc_row row_height_percent=&#8221;0&#8243; override_padding=&#8221;yes&#8221; h_padding=&#8221;2&#8243; top_padding=&#8221;0&#8243; bottom_padding=&#8221;0&#8243; overlay_alpha=&#8221;50&#8243; gutter_size=&#8221;3&#8243; column_width_percent=&#8221;100&#8243; shift_y=&#8221;0&#8243; z_index=&#8221;0&#8243;][vc_column column_width_percent=&#8221;100&#8243; gutter_size=&#8221;3&#8243; override_padding=&#8221;yes&#8221; column_padding=&#8221;3&#8243; back_color=&#8221;color-xsdn&#8221; overlay_alpha=&#8221;50&#8243; shift_x=&#8221;0&#8243; shift_y=&#8221;-4&#8243; shift_y_fixed=&#8221;yes&#8221; shift_y_down=&#8221;0&#8243; z_index=&#8221;0&#8243; medium_width=&#8221;0&#8243; mobile_width=&#8221;0&#8243; width=&#8221;1\/1&#8243;][vc_row_inner row_inner_height_percent=&#8221;0&#8243; overlay_alpha=&#8221;50&#8243; equal_height=&#8221;yes&#8221; gutter_size=&#8221;0&#8243; shift_y=&#8221;0&#8243; limit_content=&#8221;&#8221;][vc_column_inner column_width_percent=&#8221;100&#8243; position_vertical=&#8221;middle&#8221; align_horizontal=&#8221;align_right&#8221; gutter_size=&#8221;3&#8243; override_padding=&#8221;yes&#8221; column_padding=&#8221;2&#8243; overlay_alpha=&#8221;50&#8243; border_color=&#8221;color-gyho&#8221; border_style=&#8221;solid&#8221; shift_x=&#8221;0&#8243; shift_y=&#8221;0&#8243; shift_y_down=&#8221;0&#8243; z_index=&#8221;0&#8243; medium_width=&#8221;2&#8243; align_mobile=&#8221;align_center_mobile&#8221; mobile_width=&#8221;0&#8243; width=&#8221;3\/12&#8243; css=&#8221;.vc_custom_1495102345881{border-right-width: 1px !important;}&#8221;][vc_custom_heading heading_semantic=&#8221;h3&#8243; text_weight=&#8221;200&#8243; text_transform=&#8221;uppercase&#8221;]REFERANSLAR[\/vc_custom_heading][\/vc_column_inner][vc_column_inner column_width_percent=&#8221;100&#8243; position_vertical=&#8221;middle&#8221; gutter_size=&#8221;3&#8243; override_padding=&#8221;yes&#8221; column_padding=&#8221;2&#8243; overlay_alpha=&#8221;50&#8243; shift_x=&#8221;0&#8243; shift_y=&#8221;0&#8243; shift_y_down=&#8221;0&#8243; z_index=&#8221;0&#8243; medium_width=&#8221;6&#8243; align_mobile=&#8221;align_center_mobile&#8221; mobile_width=&#8221;0&#8243; width=&#8221;9\/12&#8243;][vc_custom_heading text_size=&#8221;&#8221; text_weight=&#8221;200&#8243;]&#8221;\u0130\u015f ortaklar\u0131m\u0131z i\u00e7in \u00f6zelle\u015fmi\u015f \u00e7\u00f6z\u00fcmler \u00fcretiyoruz&#8221;[\/vc_custom_heading][\/vc_column_inner][\/vc_row_inner][\/vc_column][\/vc_row][vc_row row_height_percent=&#8221;0&#8243; override_padding=&#8221;yes&#8221; h_padding=&#8221;2&#8243; top_padding=&#8221;4&#8243; bottom_padding=&#8221;4&#8243; overlay_alpha=&#8221;50&#8243; gutter_size=&#8221;3&#8243; column_width_percent=&#8221;100&#8243; border_color=&#8221;accent&#8221; border_style=&#8221;solid&#8221; shift_y=&#8221;0&#8243; z_index=&#8221;0&#8243;][vc_column width=&#8221;1\/1&#8243;][vc_custom_heading]<span style=\"color: #ff0000;\">KA\u011eIT SEKT\u00d6R\u00dc REFERANSLARI<\/span>[\/vc_custom_heading][vc_empty_space empty_h=&#8221;2&#8243;][vc_gallery el_id=&#8221;gallery-1514825-411-797-324-554&#8243; isotope_mode=&#8221;fitRows&#8221; medias=&#8221;84177,84182,84179,84180,84184,84181,84178,84176,84183&#8243; gutter_size=&#8221;4&#8243; screen_lg=&#8221;480&#8243; screen_md=&#8221;480&#8243; screen_sm=&#8221;200&#8243; single_width=&#8221;3&#8243; images_size=&#8221;two-one&#8221; single_overlay_opacity=&#8221;50&#8243; single_image_anim=&#8221;no&#8221; single_h_align=&#8221;center&#8221; single_padding=&#8221;2&#8243; single_icon=&#8221;fa fa-plus2&#8243; items=&#8221;eyI1NjY4OF9pIjp7InNpbmdsZV9pY29uIjoiIiwic2luZ2xlX3dpZHRoIjoiMTIiLCJpbWFnZXNfc2l6ZSI6InNpeHRlZW4tbmluZSJ9LCI1ODQ3MF9pIjp7InNpbmdsZV93aWR0aCI6IjEyIiwiaW1hZ2VzX3NpemUiOiJmb3VyLXRocmVlIn19&#8243;][vc_empty_space empty_h=&#8221;2&#8243;][vc_custom_heading]<span style=\"color: #ff0000;\">\u00c7EL\u0130K SEKT\u00d6R\u00dc REFERANSLARI<\/span>[\/vc_custom_heading][vc_empty_space empty_h=&#8221;2&#8243;][vc_gallery el_id=&#8221;gallery-1514825-411-797&#8243; isotope_mode=&#8221;fitRows&#8221; medias=&#8221;84192,84188,84193,84186,84189,84190,84187,84223,84224,84222&#8243; gutter_size=&#8221;4&#8243; screen_lg=&#8221;480&#8243; screen_md=&#8221;480&#8243; screen_sm=&#8221;200&#8243; single_width=&#8221;3&#8243; images_size=&#8221;two-one&#8221; single_overlay_opacity=&#8221;50&#8243; single_image_anim=&#8221;no&#8221; single_h_align=&#8221;center&#8221; single_padding=&#8221;2&#8243; single_icon=&#8221;fa fa-plus2&#8243; items=&#8221;eyI1NjY4OF9pIjp7InNpbmdsZV9pY29uIjoiIiwic2luZ2xlX3dpZHRoIjoiMTIiLCJpbWFnZXNfc2l6ZSI6InNpeHRlZW4tbmluZSJ9LCI1ODQ3MF9pIjp7InNpbmdsZV93aWR0aCI6IjEyIiwiaW1hZ2VzX3NpemUiOiJmb3VyLXRocmVlIn19&#8243;][vc_empty_space empty_h=&#8221;2&#8243;][vc_custom_heading]<span style=\"color: #ff0000;\">DANI\u015eMANLIK REFERANSLARI<\/span>[\/vc_custom_heading][vc_empty_space empty_h=&#8221;2&#8243;][vc_gallery el_id=&#8221;gallery-1514825-411-797-324-554&#8243; isotope_mode=&#8221;fitRows&#8221; medias=&#8221;83455,83453,83454,83452,83451,83450,83449,83447,83445,83444,83443,83442,83441,83440,83439,83438,83469,83470,83478,83479&#8243; gutter_size=&#8221;4&#8243; screen_lg=&#8221;480&#8243; screen_md=&#8221;480&#8243; screen_sm=&#8221;200&#8243; single_width=&#8221;3&#8243; images_size=&#8221;two-one&#8221; single_overlay_opacity=&#8221;50&#8243; single_image_anim=&#8221;no&#8221; single_h_align=&#8221;center&#8221; single_padding=&#8221;2&#8243; single_icon=&#8221;fa fa-plus2&#8243; items=&#8221;eyI1NjY4OF9pIjp7InNpbmdsZV9pY29uIjoiIiwic2luZ2xlX3dpZHRoIjoiMTIiLCJpbWFnZXNfc2l6ZSI6InNpeHRlZW4tbmluZSJ9LCI1ODQ3MF9pIjp7InNpbmdsZV93aWR0aCI6IjEyIiwiaW1hZ2VzX3NpemUiOiJmb3VyLXRocmVlIn19&#8243;][\/vc_column][\/vc_row]<\/p>\n","protected":false},"excerpt":{"rendered":"<p>[vc_row row_height_percent=&#8221;0&#8243; override_padding=&#8221;yes&#8221; h_padding=&#8221;2&#8243; top_padding=&#8221;0&#8243; bottom_padding=&#8221;0&#8243; overlay_alpha=&#8221;50&#8243; gutter_size=&#8221;3&#8243; column_width_percent=&#8221;100&#8243; shift_y=&#8221;0&#8243; z_index=&#8221;0&#8243;][vc_column column_width_percent=&#8221;100&#8243; gutter_size=&#8221;3&#8243; override_padding=&#8221;yes&#8221; column_padding=&#8221;3&#8243; back_color=&#8221;color-xsdn&#8221; overlay_alpha=&#8221;50&#8243; shift_x=&#8221;0&#8243; shift_y=&#8221;-4&#8243; shift_y_fixed=&#8221;yes&#8221; [&hellip;]<\/p>\n","protected":false},"author":1,"featured_media":0,"parent":36601,"menu_order":0,"comment_status":"closed","ping_status":"closed","template":"","meta":{"_monsterinsights_skip_tracking":false,"_monsterinsights_sitenote_active":false,"_monsterinsights_sitenote_note":"","_monsterinsights_sitenote_category":0,"footnotes":""},"_links":{"self":[{"href":"https:\/\/www.intelcon.com.tr\/index.php\/wp-json\/wp\/v2\/pages\/56971"}],"collection":[{"href":"https:\/\/www.intelcon.com.tr\/index.php\/wp-json\/wp\/v2\/pages"}],"about":[{"href":"https:\/\/www.intelcon.com.tr\/index.php\/wp-json\/wp\/v2\/types\/page"}],"author":[{"embeddable":true,"href":"https:\/\/www.intelcon.com.tr\/index.php\/wp-json\/wp\/v2\/users\/1"}],"replies":[{"embeddable":true,"href":"https:\/\/www.intelcon.com.tr\/index.php\/wp-json\/wp\/v2\/comments?post=56971"}],"version-history":[{"count":27,"href":"https:\/\/www.intelcon.com.tr\/index.php\/wp-json\/wp\/v2\/pages\/56971\/revisions"}],"predecessor-version":[{"id":84225,"href":"https:\/\/www.intelcon.com.tr\/index.php\/wp-json\/wp\/v2\/pages\/56971\/revisions\/84225"}],"up":[{"embeddable":true,"href":"https:\/\/www.intelcon.com.tr\/index.php\/wp-json\/wp\/v2\/pages\/36601"}],"wp:attachment":[{"href":"https:\/\/www.intelcon.com.tr\/index.php\/wp-json\/wp\/v2\/media?parent=56971"}],"curies":[{"name":"wp","href":"https:\/\/api.w.org\/{rel}","templated":true}]}}